{"id":647,"date":"2023-01-30T22:11:48","date_gmt":"2023-01-31T02:11:48","guid":{"rendered":"https:\/\/allsupplyservice.com\/?post_type=product&#038;p=647"},"modified":"2023-01-30T22:11:52","modified_gmt":"2023-01-31T02:11:52","slug":"valvula-diafragma","status":"publish","type":"product","link":"https:\/\/allsupplyservice.com\/?product=valvula-diafragma","title":{"rendered":"VALVULA DIAFRAGMA"},"content":{"rendered":"","protected":false},"excerpt":{"rendered":"<p><strong><em>MATERIALES<\/em>: <\/strong>Hierro Fundido<\/p>\n<p>Acero al Carb\u00f3n<\/p>\n<p>Acero Inoxidable (T304-T316)<\/p>\n<p><strong>\u00a0\u00a0\u00a0 <\/strong><\/p>\n<p><strong><em>MEDIDAS:\u00a0 \u00a0\u00a0\u00a0\u00a0\u00a0<\/em><\/strong>\u00a01\/2\u201d a 6\u201d<\/p>\n<p><strong><em>APLICACI\u00d3N:<\/em><\/strong> Fluidos corrosivos, materiales pegajosos o viscosos, pastas semil\u00edquidas fibrosas, lodos, alimentos, productos farmac\u00e9uticos<\/p>\n","protected":false},"featured_media":652,"comment_status":"open","ping_status":"closed","template":"","meta":{"_uag_custom_page_level_css":"","site-sidebar-layout":"default","site-content-layout":"default","ast-site-content-layout":"","site-content-style":"default","site-sidebar-style":"default","ast-global-header-display":"","ast-banner-title-visibility":"","ast-main-header-display":"","ast-hfb-above-header-display":"","ast-hfb-below-header-display":"","ast-hfb-mobile-header-display":"","site-post-title":"","ast-breadcrumbs-content":"","ast-featured-img":"","footer-sml-layout":"","theme-transparent-header-meta":"default","adv-header-id-meta":"","stick-header-meta":"","header-above-stick-meta":"","header-main-stick-meta":"","header-below-stick-meta":"","astra-migrate-meta-layouts":"default","ast-page-background-enabled":"default","ast-page-background-meta":{"desktop":{"background-color":"var(--ast-global-color-4)","background-image":"","background-repeat":"repeat","background-position":"center center","background-size":"auto","background-attachment":"scroll","background-type":"","background-media":"","overlay-type":"","overlay-color":"","overlay-opacity":"","overlay-gradient":""},"tablet":{"background-color":"","background-image":"","background-repeat":"repeat","background-position":"center center","background-size":"auto","background-attachment":"scroll","background-type":"","background-media":"","overlay-type":"","overlay-color":"","overlay-opacity":"","overlay-gradient":""},"mobile":{"background-color":"","background-image":"","background-repeat":"repeat","background-position":"center center","background-size":"auto","background-attachment":"scroll","background-type":"","background-media":"","overlay-type":"","overlay-color":"","overlay-opacity":"","overlay-gradient":""}},"ast-content-background-meta":{"desktop":{"background-color":"var(--ast-global-color-5)","background-image":"","background-repeat":"repeat","background-position":"center center","background-size":"auto","background-attachment":"scroll","background-type":"","background-media":"","overlay-type":"","overlay-color":"","overlay-opacity":"","overlay-gradient":""},"tablet":{"background-color":"var(--ast-global-color-5)","background-image":"","background-repeat":"repeat","background-position":"center center","background-size":"auto","background-attachment":"scroll","background-type":"","background-media":"","overlay-type":"","overlay-color":"","overlay-opacity":"","overlay-gradient":""},"mobile":{"background-color":"var(--ast-global-color-5)","background-image":"","background-repeat":"repeat","background-position":"center center","background-size":"auto","background-attachment":"scroll","background-type":"","background-media":"","overlay-type":"","overlay-color":"","overlay-opacity":"","overlay-gradient":""}},"_joinchat":[]},"product_cat":[40],"product_tag":[],"class_list":{"0":"post-647","1":"product","2":"type-product","3":"status-publish","4":"has-post-thumbnail","6":"product_cat-valvula-diafragma","7":"desktop-align-left","8":"tablet-align-left","9":"mobile-align-left","11":"first","12":"instock","13":"shipping-taxable","14":"purchasable","15":"product-type-simple"},"uagb_featured_image_src":{"full":["https:\/\/allsupplyservice.com\/wp-content\/uploads\/2023\/01\/17.png",500,380,false],"thumbnail":["https:\/\/allsupplyservice.com\/wp-content\/uploads\/2023\/01\/17-150x150.png",150,150,true],"medium":["https:\/\/allsupplyservice.com\/wp-content\/uploads\/2023\/01\/17-300x228.png",300,228,true],"medium_large":["https:\/\/allsupplyservice.com\/wp-content\/uploads\/2023\/01\/17.png",500,380,false],"large":["https:\/\/allsupplyservice.com\/wp-content\/uploads\/2023\/01\/17.png",500,380,false],"1536x1536":["https:\/\/allsupplyservice.com\/wp-content\/uploads\/2023\/01\/17.png",500,380,false],"2048x2048":["https:\/\/allsupplyservice.com\/wp-content\/uploads\/2023\/01\/17.png",500,380,false],"woocommerce_thumbnail":["https:\/\/allsupplyservice.com\/wp-content\/uploads\/2023\/01\/17-300x300.png",300,300,true],"woocommerce_single":["https:\/\/allsupplyservice.com\/wp-content\/uploads\/2023\/01\/17.png",500,380,false],"woocommerce_gallery_thumbnail":["https:\/\/allsupplyservice.com\/wp-content\/uploads\/2023\/01\/17-100x100.png",100,100,true]},"uagb_author_info":{"display_name":"allsupplyservice","author_link":"https:\/\/allsupplyservice.com\/?author=0"},"uagb_comment_info":0,"uagb_excerpt":"MATERIALES: Hierro Fundido Acero al Carb\u00f3n Acero Inoxidable (T304-T316) \u00a0\u00a0\u00a0 MEDIDAS:\u00a0 \u00a0\u00a0\u00a0\u00a0\u00a0\u00a01\/2\u201d a 6\u201d APLICACI\u00d3N: Fluidos corrosivos, materiales pegajosos o viscosos, pastas semil\u00edquidas fibrosas, lodos, alimentos, productos farmac\u00e9uticos","_links":{"self":[{"href":"https:\/\/allsupplyservice.com\/index.php?rest_route=\/wp\/v2\/product\/647","targetHints":{"allow":["GET"]}}],"collection":[{"href":"https:\/\/allsupplyservice.com\/index.php?rest_route=\/wp\/v2\/product"}],"about":[{"href":"https:\/\/allsupplyservice.com\/index.php?rest_route=\/wp\/v2\/types\/product"}],"replies":[{"embeddable":true,"href":"https:\/\/allsupplyservice.com\/index.php?rest_route=%2Fwp%2Fv2%2Fcomments&post=647"}],"version-history":[{"count":1,"href":"https:\/\/allsupplyservice.com\/index.php?rest_route=\/wp\/v2\/product\/647\/revisions"}],"predecessor-version":[{"id":657,"href":"https:\/\/allsupplyservice.com\/index.php?rest_route=\/wp\/v2\/product\/647\/revisions\/657"}],"wp:featuredmedia":[{"embeddable":true,"href":"https:\/\/allsupplyservice.com\/index.php?rest_route=\/wp\/v2\/media\/652"}],"wp:attachment":[{"href":"https:\/\/allsupplyservice.com\/index.php?rest_route=%2Fwp%2Fv2%2Fmedia&parent=647"}],"wp:term":[{"taxonomy":"product_cat","embeddable":true,"href":"https:\/\/allsupplyservice.com\/index.php?rest_route=%2Fwp%2Fv2%2Fproduct_cat&post=647"},{"taxonomy":"product_tag","embeddable":true,"href":"https:\/\/allsupplyservice.com\/index.php?rest_route=%2Fwp%2Fv2%2Fproduct_tag&post=647"}],"curies":[{"name":"wp","href":"https:\/\/api.w.org\/{rel}","templated":true}]}}