{"id":627,"date":"2023-01-30T21:26:12","date_gmt":"2023-01-31T01:26:12","guid":{"rendered":"https:\/\/allsupplyservice.com\/?post_type=product&#038;p=627"},"modified":"2024-07-09T15:24:28","modified_gmt":"2024-07-09T19:24:28","slug":"tuberia-sanitaria","status":"publish","type":"product","link":"https:\/\/allsupplyservice.com\/?product=tuberia-sanitaria","title":{"rendered":"TUBERIA SANITARIA"},"content":{"rendered":"","protected":false},"excerpt":{"rendered":"<p><strong><em>MATERIALES<\/em>: <\/strong>Acero Inoxidable (T304-T316)<\/p>\n<p><strong><em>STANDARES<\/em>:\u00a0\u00a0\u00a0 <\/strong>ASTM<\/p>\n<p><strong><em>MEDIDAS:\u00a0\u00a0\u00a0\u00a0\u00a0\u00a0 <\/em><\/strong>\u00a0\u00a01\u201d a 4\u201d<\/p>\n<p><strong><em>LONGITUD:<\/em><\/strong>\u00a0\u00a0\u00a0\u00a0\u00a0 5.80 A 6.10 Mts.<\/p>\n<p><strong><em>ESPESORES:\u00a0\u00a0\u00a0 <\/em><\/strong>1.2 \u2013 1.5<\/p>\n<p><strong><em>\u00a0<\/em><\/strong><\/p>\n<p><strong><em>APLICACI\u00d3N:<\/em><\/strong> Las aplicaciones m\u00e1s comunes incluyen Plantas Farmac\u00e9uticas,\u00a0 Industrias de Alimentos en general, de Bebidas,\u00a0 Cerveceras, Cosm\u00e9ticas y Qu\u00edmicas.<\/p>\n","protected":false},"featured_media":629,"comment_status":"open","ping_status":"closed","template":"","meta":{"_uag_custom_page_level_css":"","site-sidebar-layout":"default","site-content-layout":"default","ast-site-content-layout":"","site-content-style":"default","site-sidebar-style":"default","ast-global-header-display":"","ast-banner-title-visibility":"","ast-main-header-display":"","ast-hfb-above-header-display":"","ast-hfb-below-header-display":"","ast-hfb-mobile-header-display":"","site-post-title":"","ast-breadcrumbs-content":"","ast-featured-img":"","footer-sml-layout":"","theme-transparent-header-meta":"default","adv-header-id-meta":"","stick-header-meta":"","header-above-stick-meta":"","header-main-stick-meta":"","header-below-stick-meta":"","astra-migrate-meta-layouts":"default","ast-page-background-enabled":"default","ast-page-background-meta":{"desktop":{"background-color":"var(--ast-global-color-4)","background-image":"","background-repeat":"repeat","background-position":"center center","background-size":"auto","background-attachment":"scroll","background-type":"","background-media":"","overlay-type":"","overlay-color":"","overlay-opacity":"","overlay-gradient":""},"tablet":{"background-color":"","background-image":"","background-repeat":"repeat","background-position":"center center","background-size":"auto","background-attachment":"scroll","background-type":"","background-media":"","overlay-type":"","overlay-color":"","overlay-opacity":"","overlay-gradient":""},"mobile":{"background-color":"","background-image":"","background-repeat":"repeat","background-position":"center center","background-size":"auto","background-attachment":"scroll","background-type":"","background-media":"","overlay-type":"","overlay-color":"","overlay-opacity":"","overlay-gradient":""}},"ast-content-background-meta":{"desktop":{"background-color":"var(--ast-global-color-5)","background-image":"","background-repeat":"repeat","background-position":"center center","background-size":"auto","background-attachment":"scroll","background-type":"","background-media":"","overlay-type":"","overlay-color":"","overlay-opacity":"","overlay-gradient":""},"tablet":{"background-color":"var(--ast-global-color-5)","background-image":"","background-repeat":"repeat","background-position":"center center","background-size":"auto","background-attachment":"scroll","background-type":"","background-media":"","overlay-type":"","overlay-color":"","overlay-opacity":"","overlay-gradient":""},"mobile":{"background-color":"var(--ast-global-color-5)","background-image":"","background-repeat":"repeat","background-position":"center center","background-size":"auto","background-attachment":"scroll","background-type":"","background-media":"","overlay-type":"","overlay-color":"","overlay-opacity":"","overlay-gradient":""}},"_joinchat":[]},"product_cat":[33],"product_tag":[],"class_list":{"0":"post-627","1":"product","2":"type-product","3":"status-publish","4":"has-post-thumbnail","6":"product_cat-tuberia-sanitaria","7":"desktop-align-left","8":"tablet-align-left","9":"mobile-align-left","11":"first","12":"instock","13":"shipping-taxable","14":"purchasable","15":"product-type-simple"},"uagb_featured_image_src":{"full":["https:\/\/allsupplyservice.com\/wp-content\/uploads\/2023\/01\/10.png",500,380,false],"thumbnail":["https:\/\/allsupplyservice.com\/wp-content\/uploads\/2023\/01\/10-150x150.png",150,150,true],"medium":["https:\/\/allsupplyservice.com\/wp-content\/uploads\/2023\/01\/10-300x228.png",300,228,true],"medium_large":["https:\/\/allsupplyservice.com\/wp-content\/uploads\/2023\/01\/10.png",500,380,false],"large":["https:\/\/allsupplyservice.com\/wp-content\/uploads\/2023\/01\/10.png",500,380,false],"1536x1536":["https:\/\/allsupplyservice.com\/wp-content\/uploads\/2023\/01\/10.png",500,380,false],"2048x2048":["https:\/\/allsupplyservice.com\/wp-content\/uploads\/2023\/01\/10.png",500,380,false],"woocommerce_thumbnail":["https:\/\/allsupplyservice.com\/wp-content\/uploads\/2023\/01\/10-300x300.png",300,300,true],"woocommerce_single":["https:\/\/allsupplyservice.com\/wp-content\/uploads\/2023\/01\/10.png",500,380,false],"woocommerce_gallery_thumbnail":["https:\/\/allsupplyservice.com\/wp-content\/uploads\/2023\/01\/10-100x100.png",100,100,true]},"uagb_author_info":{"display_name":"allsupplyservice","author_link":"https:\/\/allsupplyservice.com\/?author=0"},"uagb_comment_info":1,"uagb_excerpt":"MATERIALES: Acero Inoxidable (T304-T316) STANDARES:\u00a0\u00a0\u00a0 ASTM MEDIDAS:\u00a0\u00a0\u00a0\u00a0\u00a0\u00a0 \u00a0\u00a01\u201d a 4\u201d LONGITUD:\u00a0\u00a0\u00a0\u00a0\u00a0 5.80 A 6.10 Mts. ESPESORES:\u00a0\u00a0\u00a0 1.2 \u2013 1.5 \u00a0 APLICACI\u00d3N: Las aplicaciones m\u00e1s comunes incluyen Plantas Farmac\u00e9uticas,\u00a0 Industrias de Alimentos en general, de Bebidas,\u00a0 Cerveceras, Cosm\u00e9ticas y Qu\u00edmicas.","_links":{"self":[{"href":"https:\/\/allsupplyservice.com\/index.php?rest_route=\/wp\/v2\/product\/627","targetHints":{"allow":["GET"]}}],"collection":[{"href":"https:\/\/allsupplyservice.com\/index.php?rest_route=\/wp\/v2\/product"}],"about":[{"href":"https:\/\/allsupplyservice.com\/index.php?rest_route=\/wp\/v2\/types\/product"}],"replies":[{"embeddable":true,"href":"https:\/\/allsupplyservice.com\/index.php?rest_route=%2Fwp%2Fv2%2Fcomments&post=627"}],"version-history":[{"count":1,"href":"https:\/\/allsupplyservice.com\/index.php?rest_route=\/wp\/v2\/product\/627\/revisions"}],"predecessor-version":[{"id":630,"href":"https:\/\/allsupplyservice.com\/index.php?rest_route=\/wp\/v2\/product\/627\/revisions\/630"}],"wp:featuredmedia":[{"embeddable":true,"href":"https:\/\/allsupplyservice.com\/index.php?rest_route=\/wp\/v2\/media\/629"}],"wp:attachment":[{"href":"https:\/\/allsupplyservice.com\/index.php?rest_route=%2Fwp%2Fv2%2Fmedia&parent=627"}],"wp:term":[{"taxonomy":"product_cat","embeddable":true,"href":"https:\/\/allsupplyservice.com\/index.php?rest_route=%2Fwp%2Fv2%2Fproduct_cat&post=627"},{"taxonomy":"product_tag","embeddable":true,"href":"https:\/\/allsupplyservice.com\/index.php?rest_route=%2Fwp%2Fv2%2Fproduct_tag&post=627"}],"curies":[{"name":"wp","href":"https:\/\/api.w.org\/{rel}","templated":true}]}}