{"id":620,"date":"2023-01-30T20:38:24","date_gmt":"2023-01-31T00:38:24","guid":{"rendered":"https:\/\/allsupplyservice.com\/?post_type=product&#038;p=620"},"modified":"2023-01-30T20:38:26","modified_gmt":"2023-01-31T00:38:26","slug":"tubing","status":"publish","type":"product","link":"https:\/\/allsupplyservice.com\/?product=tubing","title":{"rendered":"TUBING"},"content":{"rendered":"","protected":false},"excerpt":{"rendered":"<p><strong><em>MATERIALES<\/em><\/strong>: Acero Inoxidable T316<\/p>\n<p><strong><em>PRESION:<\/em><\/strong>\u00a0\u00a0\u00a0\u00a0\u00a0\u00a0\u00a0\u00a0 Maneja Presiones Altas, fluidos densos, material qu\u00edmico.<\/p>\n<p><strong><em>MEDIDAS:\u00a0\u00a0\u00a0\u00a0\u00a0\u00a0 <\/em><\/strong>1\/4\u201d &#8211; 1\u201d<\/p>\n<p><strong><em>PARED:<\/em><\/strong> \u00a0\u00a0\u00a0\u00a0\u00a0\u00a0\u00a0 \u00a0\u00a0\u00a0\u00a00.035 \u2013 0.049 \u2013 0.065<\/p>\n<p><strong><em>DIMENSION:<\/em><\/strong>\u00a0\u00a0 O.D.<\/p>\n<p>Esas tuber\u00edas tienen buena resistencia a la corrosi\u00f3n, resistencia t\u00e9rmica, resistencia a baja temperatura y propiedades mec\u00e1nicas; troquelado, plegado, el calor y otros procesados, no el endurecimiento del tratamiento t\u00e9rmico (el uso de temperatura -196 ~ 800. -196 ~ 800).<\/p>\n","protected":false},"featured_media":621,"comment_status":"open","ping_status":"closed","template":"","meta":{"_uag_custom_page_level_css":"","site-sidebar-layout":"default","site-content-layout":"default","ast-site-content-layout":"","site-content-style":"default","site-sidebar-style":"default","ast-global-header-display":"","ast-banner-title-visibility":"","ast-main-header-display":"","ast-hfb-above-header-display":"","ast-hfb-below-header-display":"","ast-hfb-mobile-header-display":"","site-post-title":"","ast-breadcrumbs-content":"","ast-featured-img":"","footer-sml-layout":"","theme-transparent-header-meta":"default","adv-header-id-meta":"","stick-header-meta":"","header-above-stick-meta":"","header-main-stick-meta":"","header-below-stick-meta":"","astra-migrate-meta-layouts":"default","ast-page-background-enabled":"default","ast-page-background-meta":{"desktop":{"background-color":"var(--ast-global-color-4)","background-image":"","background-repeat":"repeat","background-position":"center center","background-size":"auto","background-attachment":"scroll","background-type":"","background-media":"","overlay-type":"","overlay-color":"","overlay-opacity":"","overlay-gradient":""},"tablet":{"background-color":"","background-image":"","background-repeat":"repeat","background-position":"center center","background-size":"auto","background-attachment":"scroll","background-type":"","background-media":"","overlay-type":"","overlay-color":"","overlay-opacity":"","overlay-gradient":""},"mobile":{"background-color":"","background-image":"","background-repeat":"repeat","background-position":"center center","background-size":"auto","background-attachment":"scroll","background-type":"","background-media":"","overlay-type":"","overlay-color":"","overlay-opacity":"","overlay-gradient":""}},"ast-content-background-meta":{"desktop":{"background-color":"var(--ast-global-color-5)","background-image":"","background-repeat":"repeat","background-position":"center center","background-size":"auto","background-attachment":"scroll","background-type":"","background-media":"","overlay-type":"","overlay-color":"","overlay-opacity":"","overlay-gradient":""},"tablet":{"background-color":"var(--ast-global-color-5)","background-image":"","background-repeat":"repeat","background-position":"center center","background-size":"auto","background-attachment":"scroll","background-type":"","background-media":"","overlay-type":"","overlay-color":"","overlay-opacity":"","overlay-gradient":""},"mobile":{"background-color":"var(--ast-global-color-5)","background-image":"","background-repeat":"repeat","background-position":"center center","background-size":"auto","background-attachment":"scroll","background-type":"","background-media":"","overlay-type":"","overlay-color":"","overlay-opacity":"","overlay-gradient":""}},"_joinchat":[]},"product_cat":[31],"product_tag":[],"class_list":{"0":"post-620","1":"product","2":"type-product","3":"status-publish","4":"has-post-thumbnail","6":"product_cat-tubing","7":"desktop-align-left","8":"tablet-align-left","9":"mobile-align-left","11":"first","12":"instock","13":"shipping-taxable","14":"purchasable","15":"product-type-simple"},"uagb_featured_image_src":{"full":["https:\/\/allsupplyservice.com\/wp-content\/uploads\/2023\/01\/8.1.png",500,380,false],"thumbnail":["https:\/\/allsupplyservice.com\/wp-content\/uploads\/2023\/01\/8.1-150x150.png",150,150,true],"medium":["https:\/\/allsupplyservice.com\/wp-content\/uploads\/2023\/01\/8.1-300x228.png",300,228,true],"medium_large":["https:\/\/allsupplyservice.com\/wp-content\/uploads\/2023\/01\/8.1.png",500,380,false],"large":["https:\/\/allsupplyservice.com\/wp-content\/uploads\/2023\/01\/8.1.png",500,380,false],"1536x1536":["https:\/\/allsupplyservice.com\/wp-content\/uploads\/2023\/01\/8.1.png",500,380,false],"2048x2048":["https:\/\/allsupplyservice.com\/wp-content\/uploads\/2023\/01\/8.1.png",500,380,false],"woocommerce_thumbnail":["https:\/\/allsupplyservice.com\/wp-content\/uploads\/2023\/01\/8.1-300x300.png",300,300,true],"woocommerce_single":["https:\/\/allsupplyservice.com\/wp-content\/uploads\/2023\/01\/8.1.png",500,380,false],"woocommerce_gallery_thumbnail":["https:\/\/allsupplyservice.com\/wp-content\/uploads\/2023\/01\/8.1-100x100.png",100,100,true]},"uagb_author_info":{"display_name":"allsupplyservice","author_link":"https:\/\/allsupplyservice.com\/?author=0"},"uagb_comment_info":0,"uagb_excerpt":"MATERIALES: Acero Inoxidable T316 PRESION:\u00a0\u00a0\u00a0\u00a0\u00a0\u00a0\u00a0\u00a0 Maneja Presiones Altas, fluidos densos, material qu\u00edmico. MEDIDAS:\u00a0\u00a0\u00a0\u00a0\u00a0\u00a0 1\/4\u201d - 1\u201d PARED: \u00a0\u00a0\u00a0\u00a0\u00a0\u00a0\u00a0 \u00a0\u00a0\u00a0\u00a00.035 \u2013 0.049 \u2013 0.065 DIMENSION:\u00a0\u00a0 O.D. Esas tuber\u00edas tienen buena resistencia a la corrosi\u00f3n, resistencia t\u00e9rmica, resistencia a baja temperatura y propiedades mec\u00e1nicas; troquelado, plegado, el calor y otros procesados, no el endurecimiento del tratamiento t\u00e9rmico&hellip;","_links":{"self":[{"href":"https:\/\/allsupplyservice.com\/index.php?rest_route=\/wp\/v2\/product\/620","targetHints":{"allow":["GET"]}}],"collection":[{"href":"https:\/\/allsupplyservice.com\/index.php?rest_route=\/wp\/v2\/product"}],"about":[{"href":"https:\/\/allsupplyservice.com\/index.php?rest_route=\/wp\/v2\/types\/product"}],"replies":[{"embeddable":true,"href":"https:\/\/allsupplyservice.com\/index.php?rest_route=%2Fwp%2Fv2%2Fcomments&post=620"}],"version-history":[{"count":1,"href":"https:\/\/allsupplyservice.com\/index.php?rest_route=\/wp\/v2\/product\/620\/revisions"}],"predecessor-version":[{"id":623,"href":"https:\/\/allsupplyservice.com\/index.php?rest_route=\/wp\/v2\/product\/620\/revisions\/623"}],"wp:featuredmedia":[{"embeddable":true,"href":"https:\/\/allsupplyservice.com\/index.php?rest_route=\/wp\/v2\/media\/621"}],"wp:attachment":[{"href":"https:\/\/allsupplyservice.com\/index.php?rest_route=%2Fwp%2Fv2%2Fmedia&parent=620"}],"wp:term":[{"taxonomy":"product_cat","embeddable":true,"href":"https:\/\/allsupplyservice.com\/index.php?rest_route=%2Fwp%2Fv2%2Fproduct_cat&post=620"},{"taxonomy":"product_tag","embeddable":true,"href":"https:\/\/allsupplyservice.com\/index.php?rest_route=%2Fwp%2Fv2%2Fproduct_tag&post=620"}],"curies":[{"name":"wp","href":"https:\/\/api.w.org\/{rel}","templated":true}]}}