{"id":400,"date":"2022-06-27T10:19:43","date_gmt":"2022-06-27T14:19:43","guid":{"rendered":"https:\/\/allsupplyservice.com\/?product=pink-emotions"},"modified":"2023-01-30T18:27:43","modified_gmt":"2023-01-30T22:27:43","slug":"1","status":"publish","type":"product","link":"https:\/\/allsupplyservice.com\/?product=1","title":{"rendered":"TUBERIAS"},"content":{"rendered":"","protected":false},"excerpt":{"rendered":"<p><strong><em>MATERIALES<\/em>: <\/strong>Acero Carb\u00f3n (SCH: 40-80-160)<\/p>\n<p>Acero Inoxidable (SCH: 10-40)<\/p>\n<p>ANSI: 304-316<\/p>\n<p>Con \u00a0Costura Y Sin Costura<\/p>\n<p><strong><em>STANDARES<\/em>:\u00a0\u00a0\u00a0 <\/strong>ASTM \u2013 DIN<\/p>\n<p><strong><em>MEDIDAS:\u00a0\u00a0\u00a0\u00a0\u00a0\u00a0\u00a0\u00a0 <\/em><\/strong>\u00bd\u201d a 24\u201d<\/p>\n<p><strong><em>LONGITUDES: <\/em><\/strong><em>5.80 A<\/em><em> 6 MTS<\/em><\/p>\n<p><strong><em>APLICACI\u00d3N: <\/em><\/strong>Industria petrolera, calderos, refiner\u00edas, sistemas contra incendio, industria qu\u00edmica. Los tubos especificados en esta secci\u00f3n son de uso general en la Conducci\u00f3n de Fluidos tales como agua, vapor, gas y aire a presi\u00f3n<\/p>\n","protected":false},"featured_media":587,"comment_status":"open","ping_status":"closed","template":"","meta":{"_uag_custom_page_level_css":"","site-sidebar-layout":"default","site-content-layout":"default","ast-site-content-layout":"","site-content-style":"default","site-sidebar-style":"default","ast-global-header-display":"","ast-banner-title-visibility":"","ast-main-header-display":"","ast-hfb-above-header-display":"","ast-hfb-below-header-display":"","ast-hfb-mobile-header-display":"","site-post-title":"","ast-breadcrumbs-content":"","ast-featured-img":"","footer-sml-layout":"","theme-transparent-header-meta":"default","adv-header-id-meta":"","stick-header-meta":"","header-above-stick-meta":"","header-main-stick-meta":"","header-below-stick-meta":"","astra-migrate-meta-layouts":"default","ast-page-background-enabled":"default","ast-page-background-meta":{"desktop":{"background-color":"var(--ast-global-color-4)","background-image":"","background-repeat":"repeat","background-position":"center center","background-size":"auto","background-attachment":"scroll","background-type":"","background-media":"","overlay-type":"","overlay-color":"","overlay-opacity":"","overlay-gradient":""},"tablet":{"background-color":"","background-image":"","background-repeat":"repeat","background-position":"center center","background-size":"auto","background-attachment":"scroll","background-type":"","background-media":"","overlay-type":"","overlay-color":"","overlay-opacity":"","overlay-gradient":""},"mobile":{"background-color":"","background-image":"","background-repeat":"repeat","background-position":"center center","background-size":"auto","background-attachment":"scroll","background-type":"","background-media":"","overlay-type":"","overlay-color":"","overlay-opacity":"","overlay-gradient":""}},"ast-content-background-meta":{"desktop":{"background-color":"var(--ast-global-color-5)","background-image":"","background-repeat":"repeat","background-position":"center center","background-size":"auto","background-attachment":"scroll","background-type":"","background-media":"","overlay-type":"","overlay-color":"","overlay-opacity":"","overlay-gradient":""},"tablet":{"background-color":"var(--ast-global-color-5)","background-image":"","background-repeat":"repeat","background-position":"center center","background-size":"auto","background-attachment":"scroll","background-type":"","background-media":"","overlay-type":"","overlay-color":"","overlay-opacity":"","overlay-gradient":""},"mobile":{"background-color":"var(--ast-global-color-5)","background-image":"","background-repeat":"repeat","background-position":"center center","background-size":"auto","background-attachment":"scroll","background-type":"","background-media":"","overlay-type":"","overlay-color":"","overlay-opacity":"","overlay-gradient":""}},"_joinchat":[]},"product_cat":[24],"product_tag":[],"class_list":{"0":"post-400","1":"product","2":"type-product","3":"status-publish","4":"has-post-thumbnail","6":"product_cat-tuberias","7":"desktop-align-left","8":"tablet-align-left","9":"mobile-align-left","11":"first","12":"instock","13":"shipping-taxable","14":"purchasable","15":"product-type-simple"},"uagb_featured_image_src":{"full":["https:\/\/allsupplyservice.com\/wp-content\/uploads\/2022\/06\/1.png",500,380,false],"thumbnail":["https:\/\/allsupplyservice.com\/wp-content\/uploads\/2022\/06\/1-150x150.png",150,150,true],"medium":["https:\/\/allsupplyservice.com\/wp-content\/uploads\/2022\/06\/1-300x228.png",300,228,true],"medium_large":["https:\/\/allsupplyservice.com\/wp-content\/uploads\/2022\/06\/1.png",500,380,false],"large":["https:\/\/allsupplyservice.com\/wp-content\/uploads\/2022\/06\/1.png",500,380,false],"1536x1536":["https:\/\/allsupplyservice.com\/wp-content\/uploads\/2022\/06\/1.png",500,380,false],"2048x2048":["https:\/\/allsupplyservice.com\/wp-content\/uploads\/2022\/06\/1.png",500,380,false],"woocommerce_thumbnail":["https:\/\/allsupplyservice.com\/wp-content\/uploads\/2022\/06\/1-300x300.png",300,300,true],"woocommerce_single":["https:\/\/allsupplyservice.com\/wp-content\/uploads\/2022\/06\/1.png",500,380,false],"woocommerce_gallery_thumbnail":["https:\/\/allsupplyservice.com\/wp-content\/uploads\/2022\/06\/1-100x100.png",100,100,true]},"uagb_author_info":{"display_name":"allsupplyservice","author_link":"https:\/\/allsupplyservice.com\/?author=0"},"uagb_comment_info":0,"uagb_excerpt":"MATERIALES: Acero Carb\u00f3n (SCH: 40-80-160) Acero Inoxidable (SCH: 10-40) ANSI: 304-316 Con \u00a0Costura Y Sin Costura STANDARES:\u00a0\u00a0\u00a0 ASTM \u2013 DIN MEDIDAS:\u00a0\u00a0\u00a0\u00a0\u00a0\u00a0\u00a0\u00a0 \u00bd\u201d a 24\u201d LONGITUDES: 5.80 A 6 MTS APLICACI\u00d3N: Industria petrolera, calderos, refiner\u00edas, sistemas contra incendio, industria qu\u00edmica. Los tubos especificados en esta secci\u00f3n son de uso general en la Conducci\u00f3n de Fluidos tales&hellip;","_links":{"self":[{"href":"https:\/\/allsupplyservice.com\/index.php?rest_route=\/wp\/v2\/product\/400","targetHints":{"allow":["GET"]}}],"collection":[{"href":"https:\/\/allsupplyservice.com\/index.php?rest_route=\/wp\/v2\/product"}],"about":[{"href":"https:\/\/allsupplyservice.com\/index.php?rest_route=\/wp\/v2\/types\/product"}],"replies":[{"embeddable":true,"href":"https:\/\/allsupplyservice.com\/index.php?rest_route=%2Fwp%2Fv2%2Fcomments&post=400"}],"version-history":[{"count":6,"href":"https:\/\/allsupplyservice.com\/index.php?rest_route=\/wp\/v2\/product\/400\/revisions"}],"predecessor-version":[{"id":596,"href":"https:\/\/allsupplyservice.com\/index.php?rest_route=\/wp\/v2\/product\/400\/revisions\/596"}],"wp:featuredmedia":[{"embeddable":true,"href":"https:\/\/allsupplyservice.com\/index.php?rest_route=\/wp\/v2\/media\/587"}],"wp:attachment":[{"href":"https:\/\/allsupplyservice.com\/index.php?rest_route=%2Fwp%2Fv2%2Fmedia&parent=400"}],"wp:term":[{"taxonomy":"product_cat","embeddable":true,"href":"https:\/\/allsupplyservice.com\/index.php?rest_route=%2Fwp%2Fv2%2Fproduct_cat&post=400"},{"taxonomy":"product_tag","embeddable":true,"href":"https:\/\/allsupplyservice.com\/index.php?rest_route=%2Fwp%2Fv2%2Fproduct_tag&post=400"}],"curies":[{"name":"wp","href":"https:\/\/api.w.org\/{rel}","templated":true}]}}